{"id":2,"date":"2023-08-01T14:11:32","date_gmt":"2023-08-01T14:11:32","guid":{"rendered":"http:\/\/salonratsastusseura.fi\/?page_id=2"},"modified":"2026-01-07T23:19:33","modified_gmt":"2026-01-07T21:19:33","slug":"sample-page","status":"publish","type":"page","link":"https:\/\/salonratsastusseura.fi\/","title":{"rendered":"Etusivu"},"content":{"rendered":"\t\t<div data-elementor-type=\"wp-page\" data-elementor-id=\"2\" class=\"elementor elementor-2\">\n\t\t\t\t\t\t<section class=\"elementor-section elementor-top-section elementor-element elementor-element-f8bf871 elementor-section-boxed elementor-section-height-default elementor-section-height-default\" data-id=\"f8bf871\" data-element_type=\"section\">\n\t\t\t\t\t\t<div class=\"elementor-container elementor-column-gap-default\">\n\t\t\t\t\t<div class=\"elementor-column elementor-col-66 elementor-top-column elementor-element elementor-element-4f2ae3d\" data-id=\"4f2ae3d\" data-element_type=\"column\">\n\t\t\t<div class=\"elementor-widget-wrap elementor-element-populated\">\n\t\t\t\t\t\t<div class=\"elementor-element elementor-element-e1a66d2 elementor-widget elementor-widget-heading\" data-id=\"e1a66d2\" data-element_type=\"widget\" data-widget_type=\"heading.default\">\n\t\t\t\t<div class=\"elementor-widget-container\">\n\t\t\t\t\t<h2 class=\"elementor-heading-title elementor-size-default\">Tervetuloa!<\/h2>\t\t\t\t<\/div>\n\t\t\t\t<\/div>\n\t\t\t\t<div class=\"elementor-element elementor-element-7adc3f5 elementor-widget elementor-widget-text-editor\" data-id=\"7adc3f5\" data-element_type=\"widget\" data-widget_type=\"text-editor.default\">\n\t\t\t\t<div class=\"elementor-widget-container\">\n\t\t\t\t\t\t\t\t\t<p>Salon Ratsastusseura ry on aktiivinen <a href=\"https:\/\/www.ratsastus.fi\/\" target=\"_blank\" rel=\"noopener\"><span style=\"color: #2f5496;\"><i>Suomen Ratsastajainliiton<\/i><\/span><\/a><u><\/u><i> <\/i> alainen ratsastusseura. Seura hallinnoi ratsastusalueita ja hevostallia<i> <\/i><a href=\"https:\/\/salonratsastusseura.fi\/index.php\/yhteystiedot\/\" target=\"_blank\" rel=\"noopener\"><span style=\"color: #2f5496;\"><i>Anisissa<\/i><\/span><\/a> Sauli Niinist\u00f6n urheilupuiston vieress\u00e4. Anisten tallilla toimii aktiivinen ratsastuskoulu <a href=\"https:\/\/www.mwtalli.com\" target=\"_blank\" rel=\"noopener\"><i>MW-Talli<\/i><\/a>, jonka toiminnasta vastaa Maija Weckman.<\/p><p>Salon Ratsastusseuralla on useita <a href=\"http:\/\/salonratsastusseura.fi\/index.php\/jasenyys\/\" rel=\"noopener\"><span style=\"color: #2f5496;\"><i>j\u00e4sentalleja <\/i><\/span><\/a>l\u00e4hiseudulla. Seuran yhteisty\u00f6tallit j\u00e4rjest\u00e4v\u00e4t monipuolista toimintaa, kuten valmennuksia, kursseja, merkkisuorituksia, ratsastusleirej\u00e4, ratsastusterapiaa ja hevosavusteista toimintaa. J\u00e4senemme kilpailevat aktiivisesti este- ja kouluratsastuksessa ja valjakkoajossa aina kansainv\u00e4liselle tasolle saakka.<\/p>\t\t\t\t\t\t\t\t<\/div>\n\t\t\t\t<\/div>\n\t\t\t\t<div class=\"elementor-element elementor-element-80111a5 elementor-widget elementor-widget-image-carousel\" data-id=\"80111a5\" data-element_type=\"widget\" data-settings=\"{&quot;navigation&quot;:&quot;none&quot;,&quot;slides_to_show_mobile&quot;:&quot;1&quot;,&quot;autoplay&quot;:&quot;yes&quot;,&quot;pause_on_hover&quot;:&quot;yes&quot;,&quot;pause_on_interaction&quot;:&quot;yes&quot;,&quot;autoplay_speed&quot;:5000,&quot;infinite&quot;:&quot;yes&quot;,&quot;speed&quot;:500}\" data-widget_type=\"image-carousel.default\">\n\t\t\t\t<div class=\"elementor-widget-container\">\n\t\t\t\t\t\t\t<div class=\"elementor-image-carousel-wrapper swiper\" role=\"region\" aria-roledescription=\"carousel\" aria-label=\"Kuvakaruselli\" dir=\"ltr\">\n\t\t\t<div class=\"elementor-image-carousel swiper-wrapper\" aria-live=\"off\">\n\t\t\t\t\t\t\t\t<div class=\"swiper-slide\" role=\"group\" aria-roledescription=\"slide\" aria-label=\"1 of 4\"><figure class=\"swiper-slide-inner\"><img decoding=\"async\" class=\"swiper-slide-image\" src=\"http:\/\/salonratsastusseura.fi\/wp-content\/uploads\/2023\/08\/Salon-Ratsastusseura-1-536x403-1.jpg\" alt=\"Salon Ratsastusseura (1) 536x403\" \/><\/figure><\/div><div class=\"swiper-slide\" role=\"group\" aria-roledescription=\"slide\" aria-label=\"2 of 4\"><figure class=\"swiper-slide-inner\"><img decoding=\"async\" class=\"swiper-slide-image\" src=\"http:\/\/salonratsastusseura.fi\/wp-content\/uploads\/2023\/08\/Salon-Ratsastusseura-2.jpg\" alt=\"Salon Ratsastusseura (2)\" \/><\/figure><\/div><div class=\"swiper-slide\" role=\"group\" aria-roledescription=\"slide\" aria-label=\"3 of 4\"><figure class=\"swiper-slide-inner\"><img decoding=\"async\" class=\"swiper-slide-image\" src=\"http:\/\/salonratsastusseura.fi\/wp-content\/uploads\/2023\/08\/Salon-Ratsastusseura-3.jpg\" alt=\"Salon Ratsastusseura (3)\" \/><\/figure><\/div><div class=\"swiper-slide\" role=\"group\" aria-roledescription=\"slide\" aria-label=\"4 of 4\"><figure class=\"swiper-slide-inner\"><img decoding=\"async\" class=\"swiper-slide-image\" src=\"http:\/\/salonratsastusseura.fi\/wp-content\/uploads\/2023\/08\/Salon-Ratsastusseura-4-536x403-1.jpg\" alt=\"Salon Ratsastusseura (4) 536x403\" \/><\/figure><\/div>\t\t\t<\/div>\n\t\t\t\t\t\t\t\n\t\t\t\t\t\t\t\t\t<\/div>\n\t\t\t\t\t\t<\/div>\n\t\t\t\t<\/div>\n\t\t\t\t<div class=\"elementor-element elementor-element-f9e2839 elementor-hidden-desktop elementor-hidden-tablet elementor-hidden-mobile elementor-widget elementor-widget-image-gallery\" data-id=\"f9e2839\" data-element_type=\"widget\" data-widget_type=\"image-gallery.default\">\n\t\t\t\t<div class=\"elementor-widget-container\">\n\t\t\t\t\t\t\t<div class=\"elementor-image-gallery\">\n\t\t\t<div id=\"kad-wp-gallery84\" class=\"kad-wp-gallery kad-light-wp-gallery clearfix kt-gallery-column-2 rowtight\"><div class=\"tcol-lg-6 tcol-md-6 tcol-sm-6 tcol-xs-12 tcol-ss-12 g_item\"><div class=\"grid_item kad_gallery_fade_in gallery_item\"><a href=\"http:\/\/salonratsastusseura.fi\/wp-content\/uploads\/2023\/08\/Salon-Ratsastusseura-1-536x403-1.jpg\" data-rel=\"lightbox\" class=\"lightboxhover\"><img fetchpriority=\"high\" decoding=\"async\" src=\"http:\/\/salonratsastusseura.fi\/wp-content\/uploads\/2023\/08\/Salon-Ratsastusseura-1-536x403-1.jpg\" width=\"536\" height=\"403\" alt=\"\" srcset=\"http:\/\/salonratsastusseura.fi\/wp-content\/uploads\/2023\/08\/Salon-Ratsastusseura-1-536x403-1.jpg 536w, http:\/\/salonratsastusseura.fi\/wp-content\/uploads\/2023\/08\/Salon-Ratsastusseura-1-536x403-1-300x226.jpg 300w\" sizes=\"(max-width: 536px) 100vw, 536px\" class=\"light-dropshaddow\"\/><\/a><\/div><\/div><div class=\"tcol-lg-6 tcol-md-6 tcol-sm-6 tcol-xs-12 tcol-ss-12 g_item\"><div class=\"grid_item kad_gallery_fade_in gallery_item\"><a href=\"http:\/\/salonratsastusseura.fi\/wp-content\/uploads\/2023\/08\/Salon-Ratsastusseura-2.jpg\" data-rel=\"lightbox\" class=\"lightboxhover\"><img decoding=\"async\" src=\"http:\/\/salonratsastusseura.fi\/wp-content\/uploads\/2023\/08\/Salon-Ratsastusseura-2.jpg\" width=\"536\" height=\"403\" alt=\"\" srcset=\"http:\/\/salonratsastusseura.fi\/wp-content\/uploads\/2023\/08\/Salon-Ratsastusseura-2.jpg 536w, http:\/\/salonratsastusseura.fi\/wp-content\/uploads\/2023\/08\/Salon-Ratsastusseura-2-300x226.jpg 300w\" sizes=\"(max-width: 536px) 100vw, 536px\" class=\"light-dropshaddow\"\/><\/a><\/div><\/div><div class=\"tcol-lg-6 tcol-md-6 tcol-sm-6 tcol-xs-12 tcol-ss-12 g_item\"><div class=\"grid_item kad_gallery_fade_in gallery_item\"><a href=\"http:\/\/salonratsastusseura.fi\/wp-content\/uploads\/2023\/08\/Salon-Ratsastusseura-3.jpg\" data-rel=\"lightbox\" class=\"lightboxhover\"><img decoding=\"async\" src=\"http:\/\/salonratsastusseura.fi\/wp-content\/uploads\/2023\/08\/Salon-Ratsastusseura-3.jpg\" width=\"536\" height=\"403\" alt=\"\" srcset=\"http:\/\/salonratsastusseura.fi\/wp-content\/uploads\/2023\/08\/Salon-Ratsastusseura-3.jpg 536w, http:\/\/salonratsastusseura.fi\/wp-content\/uploads\/2023\/08\/Salon-Ratsastusseura-3-300x226.jpg 300w\" sizes=\"(max-width: 536px) 100vw, 536px\" class=\"light-dropshaddow\"\/><\/a><\/div><\/div><div class=\"tcol-lg-6 tcol-md-6 tcol-sm-6 tcol-xs-12 tcol-ss-12 g_item\"><div class=\"grid_item kad_gallery_fade_in gallery_item\"><a href=\"http:\/\/salonratsastusseura.fi\/wp-content\/uploads\/2023\/08\/Salon-Ratsastusseura-4-536x403-1.jpg\" data-rel=\"lightbox\" class=\"lightboxhover\"><img loading=\"lazy\" decoding=\"async\" src=\"http:\/\/salonratsastusseura.fi\/wp-content\/uploads\/2023\/08\/Salon-Ratsastusseura-4-536x403-1.jpg\" width=\"536\" height=\"403\" alt=\"\" srcset=\"http:\/\/salonratsastusseura.fi\/wp-content\/uploads\/2023\/08\/Salon-Ratsastusseura-4-536x403-1.jpg 536w, http:\/\/salonratsastusseura.fi\/wp-content\/uploads\/2023\/08\/Salon-Ratsastusseura-4-536x403-1-300x226.jpg 300w\" sizes=\"(max-width: 536px) 100vw, 536px\" class=\"light-dropshaddow\"\/><\/a><\/div><\/div><\/div>\t\t<\/div>\n\t\t\t\t\t\t<\/div>\n\t\t\t\t<\/div>\n\t\t\t\t<div class=\"elementor-element elementor-element-a718643 elementor-hidden-desktop elementor-hidden-tablet elementor-hidden-mobile elementor-widget elementor-widget-text-editor\" data-id=\"a718643\" data-element_type=\"widget\" data-widget_type=\"text-editor.default\">\n\t\t\t\t<div class=\"elementor-widget-container\">\n\t\t\t\t\t\t\t\t\t<p><strong><span style=\"color: #3366ff;\"><a style=\"color: #3366ff;\" href=\"https:\/\/www.ratsastus.fi\/jasenelle\/\" target=\"_blank\" rel=\"noopener\">Miksi ratsastajan kannattaa olla j\u00e4sen?<\/a><\/span><\/strong><\/p><p><a href=\"https:\/\/www.ratsastus.fi\/jasenelle\/\" target=\"_blank\" rel=\"noopener\"><strong><span style=\"color: #3366ff;\">Katso Suomen Ratsastajainliiton sivuilta upeat edut<\/span><\/strong><\/a><\/p>\t\t\t\t\t\t\t\t<\/div>\n\t\t\t\t<\/div>\n\t\t\t\t<div class=\"elementor-element elementor-element-53b1373 elementor-align-center elementor-hidden-desktop elementor-hidden-tablet elementor-hidden-mobile elementor-widget elementor-widget-button\" data-id=\"53b1373\" data-element_type=\"widget\" data-widget_type=\"button.default\">\n\t\t\t\t<div class=\"elementor-widget-container\">\n\t\t\t\t\t\t\t\t\t<div class=\"elementor-button-wrapper\">\n\t\t\t\t\t<a class=\"elementor-button elementor-button-link elementor-size-sm\" href=\"https:\/\/liity.ratsastus.fi\">\n\t\t\t\t\t\t<span class=\"elementor-button-content-wrapper\">\n\t\t\t\t\t\t\t\t\t<span class=\"elementor-button-text\">Liity seuraan!<\/span>\n\t\t\t\t\t<\/span>\n\t\t\t\t\t<\/a>\n\t\t\t\t<\/div>\n\t\t\t\t\t\t\t\t<\/div>\n\t\t\t\t<\/div>\n\t\t\t\t<div class=\"elementor-element elementor-element-43ccddd elementor-hidden-desktop elementor-hidden-tablet elementor-hidden-mobile elementor-widget elementor-widget-text-editor\" data-id=\"43ccddd\" data-element_type=\"widget\" data-widget_type=\"text-editor.default\">\n\t\t\t\t<div class=\"elementor-widget-container\">\n\t\t\t\t\t\t\t\t\t<h4><strong>J\u00e4senhinnat 2023<\/strong><\/h4><div><p>seniori 65\u20ac<br \/>juniori 50\u20ac<br \/>perhej\u00e4sen seniori 34\u20ac<br \/>perhej\u00e4sen juniori 26\u20ac<br \/>kannatusj\u00e4sen 20\u20ac<\/p><\/div>\t\t\t\t\t\t\t\t<\/div>\n\t\t\t\t<\/div>\n\t\t\t\t\t<\/div>\n\t\t<\/div>\n\t\t\t\t<div class=\"elementor-column elementor-col-33 elementor-top-column elementor-element elementor-element-5799084\" data-id=\"5799084\" data-element_type=\"column\">\n\t\t\t<div class=\"elementor-widget-wrap elementor-element-populated\">\n\t\t\t\t\t\t<div class=\"elementor-element elementor-element-143cae4 elementor-widget elementor-widget-shortcode\" data-id=\"143cae4\" data-element_type=\"widget\" data-widget_type=\"shortcode.default\">\n\t\t\t\t<div class=\"elementor-widget-container\">\n\t\t\t\t\t\t\t<div class=\"elementor-shortcode\">    \n    <div class=\"fb-shortcode-container\" style=\"width: 100%; position: relative; min-height: 500px;\">\n        \n        <div class=\"fb_loader\" style=\"text-align: center !important;\">\n            <img decoding=\"async\" src=\"https:\/\/salonratsastusseura.fi\/wp-content\/plugins\/facebook-pagelike-widget\/assets\/images\/loader.gif\" alt=\"Loading...\" \/>\n        <\/div>\n\n        <div id=\"fb-root\"><\/div>\n\n        <div class=\"fb-page\" \n            data-href=\"https:\/\/www.facebook.com\/salonratsastusseura\/\" \n            data-tabs=\"timeline\" \n            data-width=\"340\" \n            data-height=\"500\" \n            data-small-header=\"false\" \n            data-adapt-container-width=\"true\" \n            data-hide-cover=\"false\" \n            data-show-facepile=\"true\" \n            data-lazy=\"false\"\n            data-xfbml-parse-ignore=\"false\">\n        <\/div>\n    <\/div>\n\n    <\/div>\n\t\t\t\t\t\t<\/div>\n\t\t\t\t<\/div>\n\t\t\t\t<div class=\"elementor-element elementor-element-7ba1c97 elementor-widget elementor-widget-image\" data-id=\"7ba1c97\" data-element_type=\"widget\" data-widget_type=\"image.default\">\n\t\t\t\t<div class=\"elementor-widget-container\">\n\t\t\t\t\t\t\t\t\t\t\t\t\t\t\t<img loading=\"lazy\" decoding=\"async\" width=\"150\" height=\"185\" src=\"http:\/\/salonratsastusseura.fi\/wp-content\/uploads\/2023\/08\/SRS-vuoden_ratsastusseura2011_koulutustapahtumat.png\" class=\"attachment-large size-large wp-image-215\" alt=\"\" \/>\t\t\t\t\t\t\t\t\t\t\t\t\t\t\t<\/div>\n\t\t\t\t<\/div>\n\t\t\t\t\t<\/div>\n\t\t<\/div>\n\t\t\t\t\t<\/div>\n\t\t<\/section>\n\t\t\t\t<\/div>\n\t\t","protected":false},"excerpt":{"rendered":"<p>Tervetuloa! Salon Ratsastusseura ry on aktiivinen Suomen Ratsastajainliiton alainen ratsastusseura. Seura hallinnoi ratsastusalueita ja hevostallia Anisissa Sauli Niinist\u00f6n urheilupuiston vieress\u00e4. Anisten tallilla toimii aktiivinen ratsastuskoulu MW-Talli, jonka toiminnasta vastaa Maija Weckman. Salon Ratsastusseuralla on useita j\u00e4sentalleja l\u00e4hiseudulla. Seuran yhteisty\u00f6tallit j\u00e4rjest\u00e4v\u00e4t &hellip; <a href=\"https:\/\/salonratsastusseura.fi\/\">Continued<\/a><\/p>\n","protected":false},"author":2,"featured_media":0,"parent":0,"menu_order":0,"comment_status":"closed","ping_status":"open","template":"elementor_header_footer","meta":{"footnotes":""},"class_list":["post-2","page","type-page","status-publish","hentry"],"yoast_head":"<!-- This site is optimized with the Yoast SEO plugin v26.8 - https:\/\/yoast.com\/product\/yoast-seo-wordpress\/ -->\n<title>Etusivu - Salon Ratsastusseura ry<\/title>\n<meta name=\"robots\" content=\"index, follow, max-snippet:-1, max-image-preview:large, max-video-preview:-1\" \/>\n<link rel=\"canonical\" href=\"https:\/\/salonratsastusseura.fi\/\" \/>\n<meta property=\"og:locale\" content=\"fi_FI\" \/>\n<meta property=\"og:type\" content=\"article\" \/>\n<meta property=\"og:title\" content=\"Etusivu - Salon Ratsastusseura ry\" \/>\n<meta property=\"og:description\" content=\"Tervetuloa! Salon Ratsastusseura ry on aktiivinen Suomen Ratsastajainliiton alainen ratsastusseura. Seura hallinnoi ratsastusalueita ja hevostallia Anisissa Sauli Niinist\u00f6n urheilupuiston vieress\u00e4. Anisten tallilla toimii aktiivinen ratsastuskoulu MW-Talli, jonka toiminnasta vastaa Maija Weckman. Salon Ratsastusseuralla on useita j\u00e4sentalleja l\u00e4hiseudulla. Seuran yhteisty\u00f6tallit j\u00e4rjest\u00e4v\u00e4t &hellip; Continued\" \/>\n<meta property=\"og:url\" content=\"https:\/\/salonratsastusseura.fi\/\" \/>\n<meta property=\"og:site_name\" content=\"Salon Ratsastusseura ry\" \/>\n<meta property=\"article:publisher\" content=\"https:\/\/www.facebook.com\/salonratsastusseura\" \/>\n<meta property=\"article:modified_time\" content=\"2026-01-07T21:19:33+00:00\" \/>\n<meta property=\"og:image\" content=\"http:\/\/salonratsastusseura.fi\/wp-content\/uploads\/2023\/08\/Salon-Ratsastusseura-1-536x403-1.jpg\" \/>\n<meta name=\"twitter:card\" content=\"summary_large_image\" \/>\n<meta name=\"twitter:label1\" content=\"Arvioitu lukuaika\" \/>\n\t<meta name=\"twitter:data1\" content=\"4 minuuttia\" \/>\n<script type=\"application\/ld+json\" class=\"yoast-schema-graph\">{\"@context\":\"https:\/\/schema.org\",\"@graph\":[{\"@type\":\"WebPage\",\"@id\":\"https:\/\/salonratsastusseura.fi\/\",\"url\":\"https:\/\/salonratsastusseura.fi\/\",\"name\":\"Etusivu - Salon Ratsastusseura ry\",\"isPartOf\":{\"@id\":\"https:\/\/salonratsastusseura.fi\/#website\"},\"primaryImageOfPage\":{\"@id\":\"https:\/\/salonratsastusseura.fi\/#primaryimage\"},\"image\":{\"@id\":\"https:\/\/salonratsastusseura.fi\/#primaryimage\"},\"thumbnailUrl\":\"http:\/\/salonratsastusseura.fi\/wp-content\/uploads\/2023\/08\/Salon-Ratsastusseura-1-536x403-1.jpg\",\"datePublished\":\"2023-08-01T14:11:32+00:00\",\"dateModified\":\"2026-01-07T21:19:33+00:00\",\"breadcrumb\":{\"@id\":\"https:\/\/salonratsastusseura.fi\/#breadcrumb\"},\"inLanguage\":\"fi\",\"potentialAction\":[{\"@type\":\"ReadAction\",\"target\":[\"https:\/\/salonratsastusseura.fi\/\"]}]},{\"@type\":\"ImageObject\",\"inLanguage\":\"fi\",\"@id\":\"https:\/\/salonratsastusseura.fi\/#primaryimage\",\"url\":\"http:\/\/salonratsastusseura.fi\/wp-content\/uploads\/2023\/08\/Salon-Ratsastusseura-1-536x403-1.jpg\",\"contentUrl\":\"http:\/\/salonratsastusseura.fi\/wp-content\/uploads\/2023\/08\/Salon-Ratsastusseura-1-536x403-1.jpg\"},{\"@type\":\"BreadcrumbList\",\"@id\":\"https:\/\/salonratsastusseura.fi\/#breadcrumb\",\"itemListElement\":[{\"@type\":\"ListItem\",\"position\":1,\"name\":\"Etusivu\",\"item\":\"https:\/\/salonratsastusseura.fi\/\"},{\"@type\":\"ListItem\",\"position\":2,\"name\":\"Etusivu\"}]},{\"@type\":\"WebSite\",\"@id\":\"https:\/\/salonratsastusseura.fi\/#website\",\"url\":\"https:\/\/salonratsastusseura.fi\/\",\"name\":\"Salon Ratsastusseura ry\",\"description\":\"Salon Ratsastusseura ry\",\"publisher\":{\"@id\":\"https:\/\/salonratsastusseura.fi\/#organization\"},\"potentialAction\":[{\"@type\":\"SearchAction\",\"target\":{\"@type\":\"EntryPoint\",\"urlTemplate\":\"https:\/\/salonratsastusseura.fi\/?s={search_term_string}\"},\"query-input\":{\"@type\":\"PropertyValueSpecification\",\"valueRequired\":true,\"valueName\":\"search_term_string\"}}],\"inLanguage\":\"fi\"},{\"@type\":\"Organization\",\"@id\":\"https:\/\/salonratsastusseura.fi\/#organization\",\"name\":\"Salon Ratsastusseura ry\",\"url\":\"https:\/\/salonratsastusseura.fi\/\",\"logo\":{\"@type\":\"ImageObject\",\"inLanguage\":\"fi\",\"@id\":\"https:\/\/salonratsastusseura.fi\/#\/schema\/logo\/image\/\",\"url\":\"https:\/\/salonratsastusseura.fi\/wp-content\/uploads\/2023\/08\/cropped-SRS-Logo-1.png\",\"contentUrl\":\"https:\/\/salonratsastusseura.fi\/wp-content\/uploads\/2023\/08\/cropped-SRS-Logo-1.png\",\"width\":288,\"height\":227,\"caption\":\"Salon Ratsastusseura ry\"},\"image\":{\"@id\":\"https:\/\/salonratsastusseura.fi\/#\/schema\/logo\/image\/\"},\"sameAs\":[\"https:\/\/www.facebook.com\/salonratsastusseura\"]}]}<\/script>\n<!-- \/ Yoast SEO plugin. -->","yoast_head_json":{"title":"Etusivu - Salon Ratsastusseura ry","robots":{"index":"index","follow":"follow","max-snippet":"max-snippet:-1","max-image-preview":"max-image-preview:large","max-video-preview":"max-video-preview:-1"},"canonical":"https:\/\/salonratsastusseura.fi\/","og_locale":"fi_FI","og_type":"article","og_title":"Etusivu - Salon Ratsastusseura ry","og_description":"Tervetuloa! Salon Ratsastusseura ry on aktiivinen Suomen Ratsastajainliiton alainen ratsastusseura. Seura hallinnoi ratsastusalueita ja hevostallia Anisissa Sauli Niinist\u00f6n urheilupuiston vieress\u00e4. Anisten tallilla toimii aktiivinen ratsastuskoulu MW-Talli, jonka toiminnasta vastaa Maija Weckman. Salon Ratsastusseuralla on useita j\u00e4sentalleja l\u00e4hiseudulla. Seuran yhteisty\u00f6tallit j\u00e4rjest\u00e4v\u00e4t &hellip; Continued","og_url":"https:\/\/salonratsastusseura.fi\/","og_site_name":"Salon Ratsastusseura ry","article_publisher":"https:\/\/www.facebook.com\/salonratsastusseura","article_modified_time":"2026-01-07T21:19:33+00:00","og_image":[{"url":"http:\/\/salonratsastusseura.fi\/wp-content\/uploads\/2023\/08\/Salon-Ratsastusseura-1-536x403-1.jpg","type":"","width":"","height":""}],"twitter_card":"summary_large_image","twitter_misc":{"Arvioitu lukuaika":"4 minuuttia"},"schema":{"@context":"https:\/\/schema.org","@graph":[{"@type":"WebPage","@id":"https:\/\/salonratsastusseura.fi\/","url":"https:\/\/salonratsastusseura.fi\/","name":"Etusivu - Salon Ratsastusseura ry","isPartOf":{"@id":"https:\/\/salonratsastusseura.fi\/#website"},"primaryImageOfPage":{"@id":"https:\/\/salonratsastusseura.fi\/#primaryimage"},"image":{"@id":"https:\/\/salonratsastusseura.fi\/#primaryimage"},"thumbnailUrl":"http:\/\/salonratsastusseura.fi\/wp-content\/uploads\/2023\/08\/Salon-Ratsastusseura-1-536x403-1.jpg","datePublished":"2023-08-01T14:11:32+00:00","dateModified":"2026-01-07T21:19:33+00:00","breadcrumb":{"@id":"https:\/\/salonratsastusseura.fi\/#breadcrumb"},"inLanguage":"fi","potentialAction":[{"@type":"ReadAction","target":["https:\/\/salonratsastusseura.fi\/"]}]},{"@type":"ImageObject","inLanguage":"fi","@id":"https:\/\/salonratsastusseura.fi\/#primaryimage","url":"http:\/\/salonratsastusseura.fi\/wp-content\/uploads\/2023\/08\/Salon-Ratsastusseura-1-536x403-1.jpg","contentUrl":"http:\/\/salonratsastusseura.fi\/wp-content\/uploads\/2023\/08\/Salon-Ratsastusseura-1-536x403-1.jpg"},{"@type":"BreadcrumbList","@id":"https:\/\/salonratsastusseura.fi\/#breadcrumb","itemListElement":[{"@type":"ListItem","position":1,"name":"Etusivu","item":"https:\/\/salonratsastusseura.fi\/"},{"@type":"ListItem","position":2,"name":"Etusivu"}]},{"@type":"WebSite","@id":"https:\/\/salonratsastusseura.fi\/#website","url":"https:\/\/salonratsastusseura.fi\/","name":"Salon Ratsastusseura ry","description":"Salon Ratsastusseura ry","publisher":{"@id":"https:\/\/salonratsastusseura.fi\/#organization"},"potentialAction":[{"@type":"SearchAction","target":{"@type":"EntryPoint","urlTemplate":"https:\/\/salonratsastusseura.fi\/?s={search_term_string}"},"query-input":{"@type":"PropertyValueSpecification","valueRequired":true,"valueName":"search_term_string"}}],"inLanguage":"fi"},{"@type":"Organization","@id":"https:\/\/salonratsastusseura.fi\/#organization","name":"Salon Ratsastusseura ry","url":"https:\/\/salonratsastusseura.fi\/","logo":{"@type":"ImageObject","inLanguage":"fi","@id":"https:\/\/salonratsastusseura.fi\/#\/schema\/logo\/image\/","url":"https:\/\/salonratsastusseura.fi\/wp-content\/uploads\/2023\/08\/cropped-SRS-Logo-1.png","contentUrl":"https:\/\/salonratsastusseura.fi\/wp-content\/uploads\/2023\/08\/cropped-SRS-Logo-1.png","width":288,"height":227,"caption":"Salon Ratsastusseura ry"},"image":{"@id":"https:\/\/salonratsastusseura.fi\/#\/schema\/logo\/image\/"},"sameAs":["https:\/\/www.facebook.com\/salonratsastusseura"]}]}},"_links":{"self":[{"href":"https:\/\/salonratsastusseura.fi\/index.php\/wp-json\/wp\/v2\/pages\/2","targetHints":{"allow":["GET"]}}],"collection":[{"href":"https:\/\/salonratsastusseura.fi\/index.php\/wp-json\/wp\/v2\/pages"}],"about":[{"href":"https:\/\/salonratsastusseura.fi\/index.php\/wp-json\/wp\/v2\/types\/page"}],"author":[{"embeddable":true,"href":"https:\/\/salonratsastusseura.fi\/index.php\/wp-json\/wp\/v2\/users\/2"}],"replies":[{"embeddable":true,"href":"https:\/\/salonratsastusseura.fi\/index.php\/wp-json\/wp\/v2\/comments?post=2"}],"version-history":[{"count":364,"href":"https:\/\/salonratsastusseura.fi\/index.php\/wp-json\/wp\/v2\/pages\/2\/revisions"}],"predecessor-version":[{"id":1531,"href":"https:\/\/salonratsastusseura.fi\/index.php\/wp-json\/wp\/v2\/pages\/2\/revisions\/1531"}],"wp:attachment":[{"href":"https:\/\/salonratsastusseura.fi\/index.php\/wp-json\/wp\/v2\/media?parent=2"}],"curies":[{"name":"wp","href":"https:\/\/api.w.org\/{rel}","templated":true}]}}