{"id":425,"date":"2023-08-30T17:33:04","date_gmt":"2023-08-30T17:33:04","guid":{"rendered":"https:\/\/srsdemo.konstfabrik.fi\/?page_id=425"},"modified":"2026-01-07T23:12:48","modified_gmt":"2026-01-07T21:12:48","slug":"jasenyys","status":"publish","type":"page","link":"https:\/\/salonratsastusseura.fi\/index.php\/jasenyys\/","title":{"rendered":"J\u00e4senyys"},"content":{"rendered":"\t\t<div data-elementor-type=\"wp-page\" data-elementor-id=\"425\" class=\"elementor elementor-425\">\n\t\t\t\t\t\t<section class=\"elementor-section elementor-top-section elementor-element elementor-element-1be3f21f elementor-section-boxed elementor-section-height-default elementor-section-height-default\" data-id=\"1be3f21f\" data-element_type=\"section\">\n\t\t\t\t\t\t<div class=\"elementor-container elementor-column-gap-default\">\n\t\t\t\t\t<div class=\"elementor-column elementor-col-66 elementor-top-column elementor-element elementor-element-683ae7c4\" data-id=\"683ae7c4\" data-element_type=\"column\">\n\t\t\t<div class=\"elementor-widget-wrap elementor-element-populated\">\n\t\t\t\t\t\t<div class=\"elementor-element elementor-element-5785b319 elementor-widget elementor-widget-heading\" data-id=\"5785b319\" data-element_type=\"widget\" data-widget_type=\"heading.default\">\n\t\t\t\t<div class=\"elementor-widget-container\">\n\t\t\t\t\t<h2 class=\"elementor-heading-title elementor-size-default\">J\u00e4senyys<\/h2>\t\t\t\t<\/div>\n\t\t\t\t<\/div>\n\t\t\t\t<div class=\"elementor-element elementor-element-6f371e4 elementor-widget elementor-widget-image\" data-id=\"6f371e4\" data-element_type=\"widget\" data-widget_type=\"image.default\">\n\t\t\t\t<div class=\"elementor-widget-container\">\n\t\t\t\t\t\t\t\t\t\t\t\t\t\t\t<img fetchpriority=\"high\" decoding=\"async\" width=\"666\" height=\"783\" src=\"https:\/\/salonratsastusseura.fi\/wp-content\/uploads\/2023\/08\/some-96-of-114-1-e1693720876701.jpg\" class=\"attachment-large size-large wp-image-442\" alt=\"\" srcset=\"https:\/\/salonratsastusseura.fi\/wp-content\/uploads\/2023\/08\/some-96-of-114-1-e1693720876701.jpg 666w, https:\/\/salonratsastusseura.fi\/wp-content\/uploads\/2023\/08\/some-96-of-114-1-e1693720876701-255x300.jpg 255w\" sizes=\"(max-width: 666px) 100vw, 666px\" \/>\t\t\t\t\t\t\t\t\t\t\t\t\t\t\t<\/div>\n\t\t\t\t<\/div>\n\t\t\t\t<div class=\"elementor-element elementor-element-4747f8f1 elementor-widget elementor-widget-text-editor\" data-id=\"4747f8f1\" data-element_type=\"widget\" data-widget_type=\"text-editor.default\">\n\t\t\t\t<div class=\"elementor-widget-container\">\n\t\t\t\t\t\t\t\t\t<p><span style=\"color: #1e73be;\"><strong><a style=\"color: #1e73be;\" href=\"https:\/\/www.ratsastus.fi\/jasenelle\/\" target=\"_blank\" rel=\"noopener\">Miksi ratsastajan kannattaa olla j\u00e4sen?<\/a><\/strong><\/span><\/p><p><span style=\"color: #1e73be;\"><a style=\"color: #1e73be;\" href=\"https:\/\/www.ratsastus.fi\/jasenelle\/\" target=\"_blank\" rel=\"noopener\"><strong>Katso Suomen Ratsastajainliiton sivuilta upeat edut<\/strong><\/a><\/span><\/p><p><span style=\"color: #000000;\">Salon Ratsastusseura ry:n j\u00e4senille lis\u00e4ksi etuja mm. paikallisiin ratsastustarvikeliikkeisiin.<\/span><\/p><p><span style=\"color: #000000;\">\u00a0<\/span><\/p><p><span style=\"color: #000000;\"><a href=\"https:\/\/www.ratsastus.fi\/jasenelle\/jasenhuone\/\">T\u00e4st\u00e4 linkist\u00e4<\/a> l\u00f6yd\u00e4t SRL:n J\u00e4senhuoneen!<\/span><\/p>\t\t\t\t\t\t\t\t<\/div>\n\t\t\t\t<\/div>\n\t\t\t\t<div class=\"elementor-element elementor-element-1f334900 elementor-align-center elementor-widget elementor-widget-button\" data-id=\"1f334900\" data-element_type=\"widget\" data-widget_type=\"button.default\">\n\t\t\t\t<div class=\"elementor-widget-container\">\n\t\t\t\t\t\t\t\t\t<div class=\"elementor-button-wrapper\">\n\t\t\t\t\t<a class=\"elementor-button elementor-button-link elementor-size-sm\" href=\"https:\/\/liity.ratsastus.fi\">\n\t\t\t\t\t\t<span class=\"elementor-button-content-wrapper\">\n\t\t\t\t\t\t\t\t\t<span class=\"elementor-button-text\">Liity seuraan!<\/span>\n\t\t\t\t\t<\/span>\n\t\t\t\t\t<\/a>\n\t\t\t\t<\/div>\n\t\t\t\t\t\t\t\t<\/div>\n\t\t\t\t<\/div>\n\t\t\t\t<div class=\"elementor-element elementor-element-4023af30 elementor-widget elementor-widget-text-editor\" data-id=\"4023af30\" data-element_type=\"widget\" data-widget_type=\"text-editor.default\">\n\t\t\t\t<div class=\"elementor-widget-container\">\n\t\t\t\t\t\t\t\t\t<h4><strong>J\u00e4senhinnat 2026<\/strong><\/h4><div>Seniori 67\u20ac<br \/>Juniori 52\u20ac<br \/>Perhej\u00e4sen seniori 36\u20ac<br \/>Perhej\u00e4sen juniori 28\u20ac<br \/>Kannatusj\u00e4sen seniori 30\u20ac<\/div><div>Kannatusj\u00e4sen juniori 30\u20ac<\/div>\t\t\t\t\t\t\t\t<\/div>\n\t\t\t\t<\/div>\n\t\t\t\t<div class=\"elementor-element elementor-element-f1690c4 elementor-widget elementor-widget-text-editor\" data-id=\"f1690c4\" data-element_type=\"widget\" data-widget_type=\"text-editor.default\">\n\t\t\t\t<div class=\"elementor-widget-container\">\n\t\t\t\t\t\t\t\t\t<p><strong>Seuran j\u00e4sentallit<\/strong><\/p><ul><li>MW-Talli<\/li><li>Koivum\u00e4en Talli<\/li><li>Niittyalhon Talli<\/li><li>Talli Linna<\/li><li>SJ Talli<\/li><\/ul><p>Tallinpit\u00e4j\u00e4, kuulutko SRS:\u00e4\u00e4n ja k\u00e4yk\u00f6 tallillasi seuramme j\u00e4seni\u00e4? Ilmoita s\u00e4hk\u00f6postilla mik\u00e4li haluat listalle.<\/p>\t\t\t\t\t\t\t\t<\/div>\n\t\t\t\t<\/div>\n\t\t\t\t<div class=\"elementor-element elementor-element-57cb90a elementor-widget elementor-widget-heading\" data-id=\"57cb90a\" data-element_type=\"widget\" data-widget_type=\"heading.default\">\n\t\t\t\t<div class=\"elementor-widget-container\">\n\t\t\t\t\t<h2 class=\"elementor-heading-title elementor-size-default\">J\u00e4sensihteeri<\/h2>\t\t\t\t<\/div>\n\t\t\t\t<\/div>\n\t\t\t\t<div class=\"elementor-element elementor-element-0332453 elementor-widget elementor-widget-text-editor\" data-id=\"0332453\" data-element_type=\"widget\" data-widget_type=\"text-editor.default\">\n\t\t\t\t<div class=\"elementor-widget-container\">\n\t\t\t\t\t\t\t\t\t<p><strong>P\u00e4ivi Ronkanen<\/strong><\/p><p>info@salonratsastusseura.fi<\/p><p>040 534 9626<\/p>\t\t\t\t\t\t\t\t<\/div>\n\t\t\t\t<\/div>\n\t\t\t\t<div class=\"elementor-element elementor-element-1c2c563e elementor-widget elementor-widget-image-gallery\" data-id=\"1c2c563e\" data-element_type=\"widget\" data-widget_type=\"image-gallery.default\">\n\t\t\t\t<div class=\"elementor-widget-container\">\n\t\t\t\t\t\t\t<div class=\"elementor-image-gallery\">\n\t\t\t<div id=\"kad-wp-gallery61\" class=\"kad-wp-gallery kad-light-wp-gallery clearfix kt-gallery-column-2 rowtight\"><div class=\"tcol-lg-6 tcol-md-6 tcol-sm-6 tcol-xs-12 tcol-ss-12 g_item\"><div class=\"grid_item kad_gallery_fade_in gallery_item\"><a href=\"https:\/\/salonratsastusseura.fi\/wp-content\/uploads\/2023\/08\/R2C5664-talkoolaisia-536.jpg\" data-rel=\"lightbox\" class=\"lightboxhover\"><img decoding=\"async\" src=\"https:\/\/salonratsastusseura.fi\/wp-content\/uploads\/2023\/08\/R2C5664-talkoolaisia-536.jpg\" width=\"536\" height=\"316\" alt=\"\" srcset=\"https:\/\/salonratsastusseura.fi\/wp-content\/uploads\/2023\/08\/R2C5664-talkoolaisia-536.jpg 536w, https:\/\/salonratsastusseura.fi\/wp-content\/uploads\/2023\/08\/R2C5664-talkoolaisia-536-300x177.jpg 300w\" sizes=\"(max-width: 536px) 100vw, 536px\" class=\"light-dropshaddow\"\/><\/a><\/div><\/div><div class=\"tcol-lg-6 tcol-md-6 tcol-sm-6 tcol-xs-12 tcol-ss-12 g_item\"><div class=\"grid_item kad_gallery_fade_in gallery_item\"><a href=\"https:\/\/salonratsastusseura.fi\/wp-content\/uploads\/2023\/08\/R2C4390-talkoolaisia-536.jpg\" data-rel=\"lightbox\" class=\"lightboxhover\"><img decoding=\"async\" src=\"https:\/\/salonratsastusseura.fi\/wp-content\/uploads\/2023\/08\/R2C4390-talkoolaisia-536.jpg\" width=\"536\" height=\"316\" alt=\"\" srcset=\"https:\/\/salonratsastusseura.fi\/wp-content\/uploads\/2023\/08\/R2C4390-talkoolaisia-536.jpg 536w, https:\/\/salonratsastusseura.fi\/wp-content\/uploads\/2023\/08\/R2C4390-talkoolaisia-536-300x177.jpg 300w\" sizes=\"(max-width: 536px) 100vw, 536px\" class=\"light-dropshaddow\"\/><\/a><\/div><\/div><\/div>\t\t<\/div>\n\t\t\t\t\t\t<\/div>\n\t\t\t\t<\/div>\n\t\t\t\t<div class=\"elementor-element elementor-element-e9b31b4 elementor-widget elementor-widget-text-editor\" data-id=\"e9b31b4\" data-element_type=\"widget\" data-widget_type=\"text-editor.default\">\n\t\t\t\t<div class=\"elementor-widget-container\">\n\t\t\t\t\t\t\t\t\t<p><strong>J\u00e4sentietojen k\u00e4sittely Salon Ratsastusseura ry:ss\u00e4 ja Suomen Ratsastajainliitossa<\/strong><\/p><p>Salon Ratsastusseura ry on Suomen Ratsastajainliiton (SRL) j\u00e4sen. SRL on ratsastusurheilun katto-organisaatio Suomessa.\u00a0<span style=\"font-weight: var( --e-global-typography-text-font-weight );\">Salon Ratsastusseura ry ker\u00e4\u00e4 j\u00e4senist\u00e4\u00e4n henkil\u00f6tietoja ja k\u00e4sittelee <\/span><span style=\"font-weight: var( --e-global-typography-text-font-weight );\">niit\u00e4 yhdess\u00e4 SRL:n kanssa.\u00a0<\/span><span style=\"font-weight: var( --e-global-typography-text-font-weight );\">Salon Ratsastusseura ry:ss\u00e4 k\u00e4sittelyst\u00e4 vastaa: P\u00e4ivi Ronkanen <\/span><a style=\"font-weight: var( --e-global-typography-text-font-weight );\" href=\"mailto:info@salonratsastusseura.fi\">info@salonratsastusseura.fi <\/a>SRL:ssa k\u00e4sittelyst\u00e4 vastaa: Sari Siltala,\u00a0<a href=\"mailto:sari.siltala@ratsastus.fi\">sari.siltala@ratsastus.fi<\/a>, Valimotie 10, 00380 Helsinki. Salon Ratsastusseura ry ker\u00e4\u00e4 j\u00e4seneksi liitytt\u00e4ess\u00e4 j\u00e4senen nimen ja osoitteen. SRL luo uudelle j\u00e4senelle j\u00e4sennumeron. Salon Ratsastusseura ry on lakis\u00e4\u00e4teisesti velvoitettu pit\u00e4m\u00e4\u00e4n j\u00e4senrekisteri\u00e4, josta tulee ilmet\u00e4 j\u00e4senen nimi ja kotipaikka.\u00a0<\/p><p>Seuran j\u00e4senmaksuun sis\u00e4ltyy SRL:n osuus. SRL:n osuuteen sis\u00e4ltyy Hippos-lehden vuosikerran tilaus ja urheiluvakuutus. J\u00e4senyyteen sis\u00e4ltyv\u00e4 Hippos-lehden tilaus on sopimus, jonka t\u00e4ytt\u00e4miseksi SRL k\u00e4sittelee nime\u00e4 ja osoitetta. Urheiluvakuutuksen osalta vakuutusyhti\u00f6 tarkastaa j\u00e4senyyden voimassaolon SRL:sta korvausvaatimuksen yhteydess\u00e4. Seuraj\u00e4senyys on edellytys osallistumiselle SRL:n alaisiin kilpailuihin. SRL k\u00e4ytt\u00e4\u00e4 seurojen j\u00e4senist\u00e4 muodostuvaa rekisteri\u00e4\u00e4n osallistumisoikeuden varmistamiseen; t\u00e4ss\u00e4 on kyseess\u00e4 SRL:n kilpailutoiminnan j\u00e4rjest\u00e4miseen liittyv\u00e4 oikeutettu etu.<\/p><p>SRL luovuttaa Hippos-lehden postituksesta vastaavalle yritykselle nimi- ja osoitetiedot. SRL:lla on sopimus lehden kustantajan kanssa, joka vastaa lehden postituksesta. Kustantaja k\u00e4sittelee henkil\u00f6tietoja SRL:n lukuun eik\u00e4 ole oikeutettu k\u00e4ytt\u00e4m\u00e4\u00e4n tietoja omiin tarkoituksiinsa. Vakuutusyhti\u00f6 k\u00e4sittelee henkil\u00f6tietoja korvausvaatimusten yhteydess\u00e4 eik\u00e4 ole oikeutettu k\u00e4ytt\u00e4m\u00e4\u00e4n tietoja omiin tarkoituksiinsa.<\/p><p>Salon Ratsastusseura ry ker\u00e4\u00e4 j\u00e4senen suostumuksella s\u00e4hk\u00f6postiosoitteen ja puhelinnumeron. N\u00e4it\u00e4 tietoja k\u00e4ytet\u00e4\u00e4n j\u00e4senen ja seuran v\u00e4liseen yhteydenpitoon. N\u00e4it\u00e4 tietoja ei luovuteta kenellek\u00e4\u00e4n eik\u00e4 n\u00e4it\u00e4 k\u00e4ytet\u00e4 mihink\u00e4\u00e4n muuhun. Mik\u00e4li j\u00e4sen antaa suostumuksensa tietojen ker\u00e4\u00e4miseen, tulee suostumuksen osoitus olla konkreettinen, esim. allekirjoitettu lomake. J\u00e4senell\u00e4 on oikeus peruuttaa suostumus milloin tahansa.<\/p><p>Henkil\u00f6ll\u00e4 on seuraavat oikeudet henkil\u00f6tietojen k\u00e4sittelyn osalta:<\/p><p>1) Henkil\u00f6ll\u00e4 on oikeus pyyt\u00e4\u00e4 n\u00e4ht\u00e4v\u00e4kseen itse\u00e4\u00e4n koskevat tiedot. N\u00e4m\u00e4 on toimitettava 30 p\u00e4iv\u00e4n sis\u00e4ll\u00e4 pyynn\u00f6st\u00e4.<\/p><p>2) Henkil\u00f6ll\u00e4 on oikeus pyyt\u00e4\u00e4 virheellisten tietojen p\u00e4ivitt\u00e4mist\u00e4.<\/p><p>3) Henkil\u00f6ll\u00e4 on oikeus peruuttaa suostumus s\u00e4hk\u00f6postiosoitteen ja\/tai<br \/>puhelinnumeron k\u00e4sittelyn osalta; t\u00e4ll\u00f6in tieto tulee poistaa.<\/p><p>4) Henkil\u00f6ll\u00e4 on oikeus vaatia tietojensa poistamista, jos henkil\u00f6 ei ole seuran j\u00e4sen.<\/p><p>5) Henkil\u00f6ll\u00e4 on oikeus tehd\u00e4 valitus valvontaviranomaiselle, jos h\u00e4n kokee, ett\u00e4 h\u00e4nen oikeuksiaan on loukattu.<\/p>\t\t\t\t\t\t\t\t<\/div>\n\t\t\t\t<\/div>\n\t\t\t\t\t<\/div>\n\t\t<\/div>\n\t\t\t\t<div class=\"elementor-column elementor-col-33 elementor-top-column elementor-element elementor-element-2088b7ce\" data-id=\"2088b7ce\" data-element_type=\"column\">\n\t\t\t<div class=\"elementor-widget-wrap elementor-element-populated\">\n\t\t\t\t\t\t<div class=\"elementor-element elementor-element-bd2e04a elementor-widget elementor-widget-shortcode\" data-id=\"bd2e04a\" data-element_type=\"widget\" data-widget_type=\"shortcode.default\">\n\t\t\t\t<div class=\"elementor-widget-container\">\n\t\t\t\t\t\t\t<div class=\"elementor-shortcode\">    \n    <div class=\"fb-shortcode-container\" style=\"width: 100%; position: relative; min-height: 500px;\">\n        \n        <div class=\"fb_loader\" style=\"text-align: center !important;\">\n            <img decoding=\"async\" src=\"https:\/\/salonratsastusseura.fi\/wp-content\/plugins\/facebook-pagelike-widget\/assets\/images\/loader.gif\" alt=\"Loading...\" \/>\n        <\/div>\n\n        <div id=\"fb-root\"><\/div>\n\n        <div class=\"fb-page\" \n            data-href=\"https:\/\/www.facebook.com\/salonratsastusseura\/\" \n            data-tabs=\"timeline\" \n            data-width=\"340\" \n            data-height=\"500\" \n            data-small-header=\"false\" \n            data-adapt-container-width=\"true\" \n            data-hide-cover=\"false\" \n            data-show-facepile=\"true\" \n            data-lazy=\"false\"\n            data-xfbml-parse-ignore=\"false\">\n        <\/div>\n    <\/div>\n\n    <\/div>\n\t\t\t\t\t\t<\/div>\n\t\t\t\t<\/div>\n\t\t\t\t<div class=\"elementor-element elementor-element-5eaeac88 elementor-widget elementor-widget-image\" data-id=\"5eaeac88\" data-element_type=\"widget\" data-widget_type=\"image.default\">\n\t\t\t\t<div class=\"elementor-widget-container\">\n\t\t\t\t\t\t\t\t\t\t\t\t\t\t\t<img loading=\"lazy\" decoding=\"async\" width=\"150\" height=\"185\" src=\"https:\/\/salonratsastusseura.fi\/wp-content\/uploads\/2023\/08\/SRS-vuoden_ratsastusseura2011_koulutustapahtumat.png\" class=\"attachment-large size-large wp-image-215\" alt=\"\" \/>\t\t\t\t\t\t\t\t\t\t\t\t\t\t\t<\/div>\n\t\t\t\t<\/div>\n\t\t\t\t\t<\/div>\n\t\t<\/div>\n\t\t\t\t\t<\/div>\n\t\t<\/section>\n\t\t\t\t<\/div>\n\t\t","protected":false},"excerpt":{"rendered":"<p>J\u00e4senyys Miksi ratsastajan kannattaa olla j\u00e4sen? Katso Suomen Ratsastajainliiton sivuilta upeat edut Salon Ratsastusseura ry:n j\u00e4senille lis\u00e4ksi etuja mm. paikallisiin ratsastustarvikeliikkeisiin. \u00a0 T\u00e4st\u00e4 linkist\u00e4 l\u00f6yd\u00e4t SRL:n J\u00e4senhuoneen! Liity seuraan! J\u00e4senhinnat 2026 Seniori 67\u20acJuniori 52\u20acPerhej\u00e4sen seniori 36\u20acPerhej\u00e4sen juniori 28\u20acKannatusj\u00e4sen seniori 30\u20acKannatusj\u00e4sen &hellip; <a href=\"https:\/\/salonratsastusseura.fi\/index.php\/jasenyys\/\">Continued<\/a><\/p>\n","protected":false},"author":2,"featured_media":0,"parent":0,"menu_order":0,"comment_status":"closed","ping_status":"closed","template":"elementor_header_footer","meta":{"footnotes":""},"class_list":["post-425","page","type-page","status-publish","hentry"],"yoast_head":"<!-- This site is optimized with the Yoast SEO plugin v26.8 - https:\/\/yoast.com\/product\/yoast-seo-wordpress\/ -->\n<title>J\u00e4senyys - Salon Ratsastusseura ry<\/title>\n<meta name=\"robots\" content=\"index, follow, max-snippet:-1, max-image-preview:large, max-video-preview:-1\" \/>\n<link rel=\"canonical\" href=\"https:\/\/salonratsastusseura.fi\/index.php\/jasenyys\/\" \/>\n<meta property=\"og:locale\" content=\"fi_FI\" \/>\n<meta property=\"og:type\" content=\"article\" \/>\n<meta property=\"og:title\" content=\"J\u00e4senyys - Salon Ratsastusseura ry\" \/>\n<meta property=\"og:description\" content=\"J\u00e4senyys Miksi ratsastajan kannattaa olla j\u00e4sen? Katso Suomen Ratsastajainliiton sivuilta upeat edut Salon Ratsastusseura ry:n j\u00e4senille lis\u00e4ksi etuja mm. paikallisiin ratsastustarvikeliikkeisiin. \u00a0 T\u00e4st\u00e4 linkist\u00e4 l\u00f6yd\u00e4t SRL:n J\u00e4senhuoneen! Liity seuraan! J\u00e4senhinnat 2026 Seniori 67\u20acJuniori 52\u20acPerhej\u00e4sen seniori 36\u20acPerhej\u00e4sen juniori 28\u20acKannatusj\u00e4sen seniori 30\u20acKannatusj\u00e4sen &hellip; Continued\" \/>\n<meta property=\"og:url\" content=\"https:\/\/salonratsastusseura.fi\/index.php\/jasenyys\/\" \/>\n<meta property=\"og:site_name\" content=\"Salon Ratsastusseura ry\" \/>\n<meta property=\"article:publisher\" content=\"https:\/\/www.facebook.com\/salonratsastusseura\" \/>\n<meta property=\"article:modified_time\" content=\"2026-01-07T21:12:48+00:00\" \/>\n<meta property=\"og:image\" content=\"http:\/\/salonratsastusseura.fi\/wp-content\/uploads\/2023\/08\/some-96-of-114-1-e1693720876701.jpg\" \/>\n<meta name=\"twitter:card\" content=\"summary_large_image\" \/>\n<meta name=\"twitter:label1\" content=\"Arvioitu lukuaika\" \/>\n\t<meta name=\"twitter:data1\" content=\"4 minuuttia\" \/>\n<script type=\"application\/ld+json\" class=\"yoast-schema-graph\">{\"@context\":\"https:\/\/schema.org\",\"@graph\":[{\"@type\":\"WebPage\",\"@id\":\"https:\/\/salonratsastusseura.fi\/index.php\/jasenyys\/\",\"url\":\"https:\/\/salonratsastusseura.fi\/index.php\/jasenyys\/\",\"name\":\"J\u00e4senyys - Salon Ratsastusseura ry\",\"isPartOf\":{\"@id\":\"https:\/\/salonratsastusseura.fi\/#website\"},\"primaryImageOfPage\":{\"@id\":\"https:\/\/salonratsastusseura.fi\/index.php\/jasenyys\/#primaryimage\"},\"image\":{\"@id\":\"https:\/\/salonratsastusseura.fi\/index.php\/jasenyys\/#primaryimage\"},\"thumbnailUrl\":\"http:\/\/salonratsastusseura.fi\/wp-content\/uploads\/2023\/08\/some-96-of-114-1-e1693720876701.jpg\",\"datePublished\":\"2023-08-30T17:33:04+00:00\",\"dateModified\":\"2026-01-07T21:12:48+00:00\",\"breadcrumb\":{\"@id\":\"https:\/\/salonratsastusseura.fi\/index.php\/jasenyys\/#breadcrumb\"},\"inLanguage\":\"fi\",\"potentialAction\":[{\"@type\":\"ReadAction\",\"target\":[\"https:\/\/salonratsastusseura.fi\/index.php\/jasenyys\/\"]}]},{\"@type\":\"ImageObject\",\"inLanguage\":\"fi\",\"@id\":\"https:\/\/salonratsastusseura.fi\/index.php\/jasenyys\/#primaryimage\",\"url\":\"https:\/\/salonratsastusseura.fi\/wp-content\/uploads\/2023\/08\/some-96-of-114-1-e1693720876701.jpg\",\"contentUrl\":\"https:\/\/salonratsastusseura.fi\/wp-content\/uploads\/2023\/08\/some-96-of-114-1-e1693720876701.jpg\",\"width\":666,\"height\":783},{\"@type\":\"BreadcrumbList\",\"@id\":\"https:\/\/salonratsastusseura.fi\/index.php\/jasenyys\/#breadcrumb\",\"itemListElement\":[{\"@type\":\"ListItem\",\"position\":1,\"name\":\"Etusivu\",\"item\":\"https:\/\/salonratsastusseura.fi\/\"},{\"@type\":\"ListItem\",\"position\":2,\"name\":\"J\u00e4senyys\"}]},{\"@type\":\"WebSite\",\"@id\":\"https:\/\/salonratsastusseura.fi\/#website\",\"url\":\"https:\/\/salonratsastusseura.fi\/\",\"name\":\"Salon Ratsastusseura ry\",\"description\":\"Salon Ratsastusseura ry\",\"publisher\":{\"@id\":\"https:\/\/salonratsastusseura.fi\/#organization\"},\"potentialAction\":[{\"@type\":\"SearchAction\",\"target\":{\"@type\":\"EntryPoint\",\"urlTemplate\":\"https:\/\/salonratsastusseura.fi\/?s={search_term_string}\"},\"query-input\":{\"@type\":\"PropertyValueSpecification\",\"valueRequired\":true,\"valueName\":\"search_term_string\"}}],\"inLanguage\":\"fi\"},{\"@type\":\"Organization\",\"@id\":\"https:\/\/salonratsastusseura.fi\/#organization\",\"name\":\"Salon Ratsastusseura ry\",\"url\":\"https:\/\/salonratsastusseura.fi\/\",\"logo\":{\"@type\":\"ImageObject\",\"inLanguage\":\"fi\",\"@id\":\"https:\/\/salonratsastusseura.fi\/#\/schema\/logo\/image\/\",\"url\":\"https:\/\/salonratsastusseura.fi\/wp-content\/uploads\/2023\/08\/cropped-SRS-Logo-1.png\",\"contentUrl\":\"https:\/\/salonratsastusseura.fi\/wp-content\/uploads\/2023\/08\/cropped-SRS-Logo-1.png\",\"width\":288,\"height\":227,\"caption\":\"Salon Ratsastusseura ry\"},\"image\":{\"@id\":\"https:\/\/salonratsastusseura.fi\/#\/schema\/logo\/image\/\"},\"sameAs\":[\"https:\/\/www.facebook.com\/salonratsastusseura\"]}]}<\/script>\n<!-- \/ Yoast SEO plugin. -->","yoast_head_json":{"title":"J\u00e4senyys - Salon Ratsastusseura ry","robots":{"index":"index","follow":"follow","max-snippet":"max-snippet:-1","max-image-preview":"max-image-preview:large","max-video-preview":"max-video-preview:-1"},"canonical":"https:\/\/salonratsastusseura.fi\/index.php\/jasenyys\/","og_locale":"fi_FI","og_type":"article","og_title":"J\u00e4senyys - Salon Ratsastusseura ry","og_description":"J\u00e4senyys Miksi ratsastajan kannattaa olla j\u00e4sen? Katso Suomen Ratsastajainliiton sivuilta upeat edut Salon Ratsastusseura ry:n j\u00e4senille lis\u00e4ksi etuja mm. paikallisiin ratsastustarvikeliikkeisiin. \u00a0 T\u00e4st\u00e4 linkist\u00e4 l\u00f6yd\u00e4t SRL:n J\u00e4senhuoneen! Liity seuraan! J\u00e4senhinnat 2026 Seniori 67\u20acJuniori 52\u20acPerhej\u00e4sen seniori 36\u20acPerhej\u00e4sen juniori 28\u20acKannatusj\u00e4sen seniori 30\u20acKannatusj\u00e4sen &hellip; Continued","og_url":"https:\/\/salonratsastusseura.fi\/index.php\/jasenyys\/","og_site_name":"Salon Ratsastusseura ry","article_publisher":"https:\/\/www.facebook.com\/salonratsastusseura","article_modified_time":"2026-01-07T21:12:48+00:00","og_image":[{"url":"http:\/\/salonratsastusseura.fi\/wp-content\/uploads\/2023\/08\/some-96-of-114-1-e1693720876701.jpg","type":"","width":"","height":""}],"twitter_card":"summary_large_image","twitter_misc":{"Arvioitu lukuaika":"4 minuuttia"},"schema":{"@context":"https:\/\/schema.org","@graph":[{"@type":"WebPage","@id":"https:\/\/salonratsastusseura.fi\/index.php\/jasenyys\/","url":"https:\/\/salonratsastusseura.fi\/index.php\/jasenyys\/","name":"J\u00e4senyys - Salon Ratsastusseura ry","isPartOf":{"@id":"https:\/\/salonratsastusseura.fi\/#website"},"primaryImageOfPage":{"@id":"https:\/\/salonratsastusseura.fi\/index.php\/jasenyys\/#primaryimage"},"image":{"@id":"https:\/\/salonratsastusseura.fi\/index.php\/jasenyys\/#primaryimage"},"thumbnailUrl":"http:\/\/salonratsastusseura.fi\/wp-content\/uploads\/2023\/08\/some-96-of-114-1-e1693720876701.jpg","datePublished":"2023-08-30T17:33:04+00:00","dateModified":"2026-01-07T21:12:48+00:00","breadcrumb":{"@id":"https:\/\/salonratsastusseura.fi\/index.php\/jasenyys\/#breadcrumb"},"inLanguage":"fi","potentialAction":[{"@type":"ReadAction","target":["https:\/\/salonratsastusseura.fi\/index.php\/jasenyys\/"]}]},{"@type":"ImageObject","inLanguage":"fi","@id":"https:\/\/salonratsastusseura.fi\/index.php\/jasenyys\/#primaryimage","url":"https:\/\/salonratsastusseura.fi\/wp-content\/uploads\/2023\/08\/some-96-of-114-1-e1693720876701.jpg","contentUrl":"https:\/\/salonratsastusseura.fi\/wp-content\/uploads\/2023\/08\/some-96-of-114-1-e1693720876701.jpg","width":666,"height":783},{"@type":"BreadcrumbList","@id":"https:\/\/salonratsastusseura.fi\/index.php\/jasenyys\/#breadcrumb","itemListElement":[{"@type":"ListItem","position":1,"name":"Etusivu","item":"https:\/\/salonratsastusseura.fi\/"},{"@type":"ListItem","position":2,"name":"J\u00e4senyys"}]},{"@type":"WebSite","@id":"https:\/\/salonratsastusseura.fi\/#website","url":"https:\/\/salonratsastusseura.fi\/","name":"Salon Ratsastusseura ry","description":"Salon Ratsastusseura ry","publisher":{"@id":"https:\/\/salonratsastusseura.fi\/#organization"},"potentialAction":[{"@type":"SearchAction","target":{"@type":"EntryPoint","urlTemplate":"https:\/\/salonratsastusseura.fi\/?s={search_term_string}"},"query-input":{"@type":"PropertyValueSpecification","valueRequired":true,"valueName":"search_term_string"}}],"inLanguage":"fi"},{"@type":"Organization","@id":"https:\/\/salonratsastusseura.fi\/#organization","name":"Salon Ratsastusseura ry","url":"https:\/\/salonratsastusseura.fi\/","logo":{"@type":"ImageObject","inLanguage":"fi","@id":"https:\/\/salonratsastusseura.fi\/#\/schema\/logo\/image\/","url":"https:\/\/salonratsastusseura.fi\/wp-content\/uploads\/2023\/08\/cropped-SRS-Logo-1.png","contentUrl":"https:\/\/salonratsastusseura.fi\/wp-content\/uploads\/2023\/08\/cropped-SRS-Logo-1.png","width":288,"height":227,"caption":"Salon Ratsastusseura ry"},"image":{"@id":"https:\/\/salonratsastusseura.fi\/#\/schema\/logo\/image\/"},"sameAs":["https:\/\/www.facebook.com\/salonratsastusseura"]}]}},"_links":{"self":[{"href":"https:\/\/salonratsastusseura.fi\/index.php\/wp-json\/wp\/v2\/pages\/425","targetHints":{"allow":["GET"]}}],"collection":[{"href":"https:\/\/salonratsastusseura.fi\/index.php\/wp-json\/wp\/v2\/pages"}],"about":[{"href":"https:\/\/salonratsastusseura.fi\/index.php\/wp-json\/wp\/v2\/types\/page"}],"author":[{"embeddable":true,"href":"https:\/\/salonratsastusseura.fi\/index.php\/wp-json\/wp\/v2\/users\/2"}],"replies":[{"embeddable":true,"href":"https:\/\/salonratsastusseura.fi\/index.php\/wp-json\/wp\/v2\/comments?post=425"}],"version-history":[{"count":196,"href":"https:\/\/salonratsastusseura.fi\/index.php\/wp-json\/wp\/v2\/pages\/425\/revisions"}],"predecessor-version":[{"id":1524,"href":"https:\/\/salonratsastusseura.fi\/index.php\/wp-json\/wp\/v2\/pages\/425\/revisions\/1524"}],"wp:attachment":[{"href":"https:\/\/salonratsastusseura.fi\/index.php\/wp-json\/wp\/v2\/media?parent=425"}],"curies":[{"name":"wp","href":"https:\/\/api.w.org\/{rel}","templated":true}]}}